{"id":13,"date":"2022-10-12T22:07:32","date_gmt":"2022-10-12T20:07:32","guid":{"rendered":"http:\/\/sfg-guendelbach.de\/wordpress\/?page_id=13"},"modified":"2026-04-21T10:08:15","modified_gmt":"2026-04-21T08:08:15","slug":"startseite","status":"publish","type":"page","link":"https:\/\/sfg-guendelbach.de\/wordpress\/","title":{"rendered":"Startseite"},"content":{"rendered":"<p style=\"text-align: left;\">&nbsp;<\/p>\n<p style=\"text-align: center;\"><strong><span style=\"color: #ff0000;\"><span style=\"color: #000000;\">Berichte von vergangenen Events hier zu finden:<\/span> <a href=\"https:\/\/sfg-guendelbach.de\/wordpress\/berichte\/\">Berichte<\/a><\/span><\/strong><\/p>\n<p style=\"text-align: center;\"><b style=\"font-size: revert; color: initial;\"><span style=\"font-size: large;\">Herzlich willkommen beim Angelverein<\/span><\/b><\/p>\n<p style=\"text-align: center;\" align=\"center\"><b><span style=\"font-size: large;\">&nbsp;Stromberg Fischer G\u00fcndelbach e.V.<\/span><\/b><\/p>\n<p style=\"text-align: center;\" align=\"left\"><b>Der Angelverein Stromberg Fischer G\u00fcndelbach e.V. ist in G\u00fcndelbach, einem Stadtteil von Vaihingen an der Enz, in Baden-W\u00fcrttemberg zu Hause.<\/b><\/p>\n<p style=\"text-align: center;\" align=\"left\"><b><span style=\"font-size: medium;\">Wir sind Mitglied im Verband f\u00fcr Fischerei und Gew\u00e4sserschutz in Baden-W\u00fcrttemberg e.V.<\/span><\/b><\/p>\n<p style=\"text-align: center;\" align=\"left\"><b><span style=\"font-size: medium;\">Zur Zeit hat der Verein 86 Mitglieder: aktive Angler, passive Mitglieder und Jugendliche Mitglieder.<\/span><\/b><\/p>\n<p style=\"text-align: center;\" align=\"left\"><b><span style=\"font-size: medium;\">Lernen Sie hier auf unserer Homepage unseren Verein kennen.<\/span><\/b><\/p>\n<p align=\"left\"><img loading=\"lazy\" decoding=\"async\" class=\"wp-image-596 aligncenter\" src=\"https:\/\/sfg-guendelbach.de\/wordpress\/wp-content\/uploads\/2026\/04\/Steg.jpg\" alt=\"\" width=\"643\" height=\"902\"><\/p>\n<p style=\"text-align: center;\" align=\"left\"><b>In diesem Sinne:<\/b><b><span style=\"font-size: xx-small;\">&nbsp;<br><\/span><\/b><b><span style=\"font-size: large;\">HERZLICH WILLKOMMEN<\/span><\/b><\/p>\n<p style=\"text-align: center;\"><b>Detaillierte Informationen erhalten Sie auf unseren Seiten.<br><\/b><b>Das macht bestimmt Lust auf mehr!<\/b><\/p>\n<p>&nbsp;<\/p>\n\n\n<p><\/p>\n","protected":false},"excerpt":{"rendered":"<p>&nbsp; Berichte von vergangenen Events hier zu finden: Berichte Herzlich willkommen beim Angelverein &nbsp;Stromberg Fischer G\u00fcndelbach e.V. Der Angelverein Stromberg Fischer G\u00fcndelbach e.V. ist in G\u00fcndelbach, einem Stadtteil von Vaihingen an der Enz, in Baden-W\u00fcrttemberg zu Hause. Wir sind Mitglied im Verband f\u00fcr Fischerei und Gew\u00e4sserschutz in Baden-W\u00fcrttemberg e.V. Zur Zeit hat der Verein 86 [&hellip;]<\/p>\n","protected":false},"author":1,"featured_media":0,"parent":0,"menu_order":0,"comment_status":"closed","ping_status":"closed","template":"","meta":{"ngg_post_thumbnail":0,"footnotes":""},"class_list":["post-13","page","type-page","status-publish","hentry"],"_links":{"self":[{"href":"https:\/\/sfg-guendelbach.de\/wordpress\/wp-json\/wp\/v2\/pages\/13","targetHints":{"allow":["GET"]}}],"collection":[{"href":"https:\/\/sfg-guendelbach.de\/wordpress\/wp-json\/wp\/v2\/pages"}],"about":[{"href":"https:\/\/sfg-guendelbach.de\/wordpress\/wp-json\/wp\/v2\/types\/page"}],"author":[{"embeddable":true,"href":"https:\/\/sfg-guendelbach.de\/wordpress\/wp-json\/wp\/v2\/users\/1"}],"replies":[{"embeddable":true,"href":"https:\/\/sfg-guendelbach.de\/wordpress\/wp-json\/wp\/v2\/comments?post=13"}],"version-history":[{"count":131,"href":"https:\/\/sfg-guendelbach.de\/wordpress\/wp-json\/wp\/v2\/pages\/13\/revisions"}],"predecessor-version":[{"id":599,"href":"https:\/\/sfg-guendelbach.de\/wordpress\/wp-json\/wp\/v2\/pages\/13\/revisions\/599"}],"wp:attachment":[{"href":"https:\/\/sfg-guendelbach.de\/wordpress\/wp-json\/wp\/v2\/media?parent=13"}],"curies":[{"name":"wp","href":"https:\/\/api.w.org\/{rel}","templated":true}]}}