{"id":21,"date":"2022-10-12T22:28:59","date_gmt":"2022-10-12T20:28:59","guid":{"rendered":"http:\/\/sfg-guendelbach.de\/wordpress\/?page_id=21"},"modified":"2026-03-26T18:09:17","modified_gmt":"2026-03-26T17:09:17","slug":"der-vorstand","status":"publish","type":"page","link":"https:\/\/sfg-guendelbach.de\/wordpress\/der-vorstand\/","title":{"rendered":"Der Vorstand"},"content":{"rendered":"\n<div class=\"wp-block-columns is-layout-flex wp-container-core-columns-is-layout-9d6595d7 wp-block-columns-is-layout-flex\">\n<div class=\"wp-block-column is-layout-flow wp-block-column-is-layout-flow\">\n<p><strong>1. Vorstand<\/strong>:<br \/>Michael Schmid<br \/>Hohe-Wiesen-Weg 4<br \/>71665 Vaihingen\/ENZ<br \/>Tel. 0170-5222146<br \/>Mail: m.schmid@sfg-guendelbach.de<\/p>\n\n\n\n<p><strong>2. Vorstand:<\/strong><br \/>Timo Bahnmaier<br \/>Hauptstrasse 6<br \/>75428 Illingen-Sch\u00fctzingen<br \/>Tel. 07043-9596012<br \/>Mail: kasse@sfg-guendelbach.de<\/p>\n\n\n\n<p><strong>Kassiererin:<\/strong><br \/>Julia Bahnmaier<br \/>Hauptstrasse 6<br \/>75428 Illingen-Sch\u00fctzingen<br \/>Tel. 07043-9596012<br \/>Mail: kasse@sfg-guendelbach.de<\/p>\n\n\n\n<p><strong>Schriftf\u00fchrer:<\/strong><br \/>Jan Schrodt<br \/>Mail: schrift@sfg-guendelbach.de<\/p>\n\n\n\n<p><strong>Gew\u00e4sserwart:<\/strong><br>Dino Hoffmann<br>Mail: gewaesserwart@sfg-guendelbach.de<\/p>\n\n\n\n<p><strong>Jugendwart:<br \/><\/strong>Robin Schaffran<br \/>jugendwart@sfg-guendelbach.de<\/p>\n<\/div>\n\n\n\n<div class=\"wp-block-column is-layout-flow wp-block-column-is-layout-flow\"><\/div>\n<\/div>\n","protected":false},"excerpt":{"rendered":"<p>1. Vorstand:Michael SchmidHohe-Wiesen-Weg 471665 Vaihingen\/ENZTel. 0170-5222146Mail: m.schmid@sfg-guendelbach.de 2. Vorstand:Timo BahnmaierHauptstrasse 675428 Illingen-Sch\u00fctzingenTel. 07043-9596012Mail: kasse@sfg-guendelbach.de Kassiererin:Julia BahnmaierHauptstrasse 675428 Illingen-Sch\u00fctzingenTel. 07043-9596012Mail: kasse@sfg-guendelbach.de Schriftf\u00fchrer:Jan SchrodtMail: schrift@sfg-guendelbach.de Gew\u00e4sserwart:Dino HoffmannMail: gewaesserwart@sfg-guendelbach.de Jugendwart:Robin Schaffranjugendwart@sfg-guendelbach.de<\/p>\n","protected":false},"author":1,"featured_media":0,"parent":0,"menu_order":0,"comment_status":"closed","ping_status":"closed","template":"","meta":{"ngg_post_thumbnail":0,"footnotes":""},"class_list":["post-21","page","type-page","status-publish","hentry"],"_links":{"self":[{"href":"https:\/\/sfg-guendelbach.de\/wordpress\/wp-json\/wp\/v2\/pages\/21","targetHints":{"allow":["GET"]}}],"collection":[{"href":"https:\/\/sfg-guendelbach.de\/wordpress\/wp-json\/wp\/v2\/pages"}],"about":[{"href":"https:\/\/sfg-guendelbach.de\/wordpress\/wp-json\/wp\/v2\/types\/page"}],"author":[{"embeddable":true,"href":"https:\/\/sfg-guendelbach.de\/wordpress\/wp-json\/wp\/v2\/users\/1"}],"replies":[{"embeddable":true,"href":"https:\/\/sfg-guendelbach.de\/wordpress\/wp-json\/wp\/v2\/comments?post=21"}],"version-history":[{"count":38,"href":"https:\/\/sfg-guendelbach.de\/wordpress\/wp-json\/wp\/v2\/pages\/21\/revisions"}],"predecessor-version":[{"id":591,"href":"https:\/\/sfg-guendelbach.de\/wordpress\/wp-json\/wp\/v2\/pages\/21\/revisions\/591"}],"wp:attachment":[{"href":"https:\/\/sfg-guendelbach.de\/wordpress\/wp-json\/wp\/v2\/media?parent=21"}],"curies":[{"name":"wp","href":"https:\/\/api.w.org\/{rel}","templated":true}]}}