{"id":23,"date":"2022-10-12T22:29:21","date_gmt":"2022-10-12T20:29:21","guid":{"rendered":"http:\/\/sfg-guendelbach.de\/wordpress\/?page_id=23"},"modified":"2022-10-13T11:35:01","modified_gmt":"2022-10-13T09:35:01","slug":"vereinsheim","status":"publish","type":"page","link":"https:\/\/sfg-guendelbach.de\/wordpress\/vereinsheim\/","title":{"rendered":"Vereinsheim"},"content":{"rendered":"\n<p><strong>Das Vereinsheim wurde nach zweij\u00e4hriger Bauzeit, in Eigenleistung der Mitglieder, im Juni 1995 Eingeweiht. Durch den Bau dieses Vereinsheimes wurde eine Begegnungs- und Kommunikationsst\u00e4tte &nbsp;<\/strong><strong>f\u00fcr unsere Mitglieder erstellt.<\/strong><\/p>\n\n\n\n<p><strong>Dieses bietet im Gastraum Platz f\u00fcr 60 Personen und im Nebenzimmer nochmals f\u00fcr 25 Personen.<\/strong><\/p>\n\n\n\n<p><strong>Neben Versammlungen aller Art, Vorbereitungslehrg\u00e4ngen zur Sportfischerpr\u00fcfung und vieles mehr, wird unser Fischerheim genutzt.<\/strong><\/p>\n\n\n\n<p><strong>Diese stehen auch f\u00fcr Feiern aller Art zur Verf\u00fcgung.<\/strong><br><strong>Wir bieten jeden 1 Sonntag im Monat (siehe Termin Wochenblatt) Fischspezialit\u00e4ten an.<\/strong><\/p>\n\n\n\n<figure class=\"wp-block-image\"><img decoding=\"async\" src=\"http:\/\/sfg-guendelbach.de\/mediapool\/135\/1354259\/resources\/49278914.JPG\" alt=\"\" title=\"\"\/><\/figure>\n\n\n\n<figure class=\"wp-block-image\"><img decoding=\"async\" src=\"http:\/\/sfg-guendelbach.de\/mediapool\/135\/1354259\/resources\/49278919.JPG\" alt=\"\" title=\"\"\/><\/figure>\n\n\n\n<figure class=\"wp-block-image\"><img decoding=\"async\" src=\"http:\/\/sfg-guendelbach.de\/mediapool\/135\/1354259\/resources\/49278924.JPG\" alt=\"\" title=\"\"\/><\/figure>\n","protected":false},"excerpt":{"rendered":"<p>Das Vereinsheim wurde nach zweij\u00e4hriger Bauzeit, in Eigenleistung der Mitglieder, im Juni 1995 Eingeweiht. Durch den Bau dieses Vereinsheimes wurde eine Begegnungs- und Kommunikationsst\u00e4tte &nbsp;f\u00fcr unsere Mitglieder erstellt. Dieses bietet im Gastraum Platz f\u00fcr 60 Personen und im Nebenzimmer nochmals f\u00fcr 25 Personen. Neben Versammlungen aller Art, Vorbereitungslehrg\u00e4ngen zur Sportfischerpr\u00fcfung und vieles mehr, wird unser [&hellip;]<\/p>\n","protected":false},"author":1,"featured_media":0,"parent":0,"menu_order":0,"comment_status":"closed","ping_status":"closed","template":"","meta":{"ngg_post_thumbnail":0,"footnotes":""},"class_list":["post-23","page","type-page","status-publish","hentry"],"_links":{"self":[{"href":"https:\/\/sfg-guendelbach.de\/wordpress\/wp-json\/wp\/v2\/pages\/23","targetHints":{"allow":["GET"]}}],"collection":[{"href":"https:\/\/sfg-guendelbach.de\/wordpress\/wp-json\/wp\/v2\/pages"}],"about":[{"href":"https:\/\/sfg-guendelbach.de\/wordpress\/wp-json\/wp\/v2\/types\/page"}],"author":[{"embeddable":true,"href":"https:\/\/sfg-guendelbach.de\/wordpress\/wp-json\/wp\/v2\/users\/1"}],"replies":[{"embeddable":true,"href":"https:\/\/sfg-guendelbach.de\/wordpress\/wp-json\/wp\/v2\/comments?post=23"}],"version-history":[{"count":2,"href":"https:\/\/sfg-guendelbach.de\/wordpress\/wp-json\/wp\/v2\/pages\/23\/revisions"}],"predecessor-version":[{"id":69,"href":"https:\/\/sfg-guendelbach.de\/wordpress\/wp-json\/wp\/v2\/pages\/23\/revisions\/69"}],"wp:attachment":[{"href":"https:\/\/sfg-guendelbach.de\/wordpress\/wp-json\/wp\/v2\/media?parent=23"}],"curies":[{"name":"wp","href":"https:\/\/api.w.org\/{rel}","templated":true}]}}