{"id":25,"date":"2022-10-12T22:29:42","date_gmt":"2022-10-12T20:29:42","guid":{"rendered":"http:\/\/sfg-guendelbach.de\/wordpress\/?page_id=25"},"modified":"2022-10-17T19:18:40","modified_gmt":"2022-10-17T17:18:40","slug":"jugendabteilung","status":"publish","type":"page","link":"https:\/\/sfg-guendelbach.de\/wordpress\/jugendabteilung\/","title":{"rendered":"Jugendabteilung"},"content":{"rendered":"<p><b>Jugendwart, siehe unter <a href=\"https:\/\/sfg-guendelbach.de\/wordpress\/der-vorstand\/\">Vorstand<\/a><\/p>\n<p>Hier w\u00e4chst der Nachwuchs unseres Vereins heran, der sich mit viel Spa\u00df und Engagement dem Angelsport und der Liebe zur Natur erschlie\u00dft. Jugendangeln, Jugendausflug, Besuche von Freizeitparks und kontinuierlicher Unterricht \u00fcber das Angeln und die Natur in unserem eigenen Jugendraum im Vereinsheim&nbsp; ist nur ein Teil was der Jugendleiter das Jahr \u00fcber durchf\u00fchrt.<br \/>\nJugendliche d\u00fcrfen bis zum vollendeten 12. Lebensjahr nur in Begleitung einer erwachsenen angelberechtigten Person angeln.<br \/>\nAb dem 12. Lebensjahr besteht die M\u00f6glichkeit, die Sportfischerpr\u00fcfung abzulegen, um dann als aktives Mitglied allein mit dem Jahresfischereischein angeln zu d\u00fcrfen.<br \/>\nZum Erlangen dieses Jahresfischereischeines ist Voraussetzung, dass man die Sportfischerpr\u00fcfung absolviert hat.<br \/>\nGrunds\u00e4tzlich kann jeder in unserem gemeinn\u00fctzigen Verein, egal ob aktives, passives oder jugendliches Mitglied, aufgenommen werden.<br \/>\n<\/b><b>Wie alle Vereine, suchen auch wir jugendliche Mitglieder. Die Jugend ist sehr wichtig f\u00fcr das dauerhafte Bestehen eines Vereines.<br \/>\nJugendliche, die Interesse haben, mal unter fachlicher Anleitung Angeln zu gehen, sind herzlich eingeladen.<br \/>\nIhr lernt einiges \u00fcber die Kreatur Fisch kennen, es gibt Einblicke in die Natur und es macht bestimmt Spa\u00df und Freude, Kontakt mit den jugendlichen aus unserem Verein zu haben. Der eine oder andere wird Freundschaften schlie\u00dfen, gefallen am Angeln bekommen.<br \/>\n<\/b><strong>JEDER IST WILLKOMMEN<\/strong><b><br \/>\n<\/b><\/p>\n","protected":false},"excerpt":{"rendered":"<p>Jugendwart, siehe unter Vorstand Hier w\u00e4chst der Nachwuchs unseres Vereins heran, der sich mit viel Spa\u00df und Engagement dem Angelsport und der Liebe zur Natur erschlie\u00dft. Jugendangeln, Jugendausflug, Besuche von Freizeitparks und kontinuierlicher Unterricht \u00fcber das Angeln und die Natur in unserem eigenen Jugendraum im Vereinsheim&nbsp; ist nur ein Teil was der Jugendleiter das Jahr [&hellip;]<\/p>\n","protected":false},"author":1,"featured_media":0,"parent":0,"menu_order":0,"comment_status":"closed","ping_status":"closed","template":"","meta":{"ngg_post_thumbnail":0,"footnotes":""},"class_list":["post-25","page","type-page","status-publish","hentry"],"_links":{"self":[{"href":"https:\/\/sfg-guendelbach.de\/wordpress\/wp-json\/wp\/v2\/pages\/25","targetHints":{"allow":["GET"]}}],"collection":[{"href":"https:\/\/sfg-guendelbach.de\/wordpress\/wp-json\/wp\/v2\/pages"}],"about":[{"href":"https:\/\/sfg-guendelbach.de\/wordpress\/wp-json\/wp\/v2\/types\/page"}],"author":[{"embeddable":true,"href":"https:\/\/sfg-guendelbach.de\/wordpress\/wp-json\/wp\/v2\/users\/1"}],"replies":[{"embeddable":true,"href":"https:\/\/sfg-guendelbach.de\/wordpress\/wp-json\/wp\/v2\/comments?post=25"}],"version-history":[{"count":3,"href":"https:\/\/sfg-guendelbach.de\/wordpress\/wp-json\/wp\/v2\/pages\/25\/revisions"}],"predecessor-version":[{"id":106,"href":"https:\/\/sfg-guendelbach.de\/wordpress\/wp-json\/wp\/v2\/pages\/25\/revisions\/106"}],"wp:attachment":[{"href":"https:\/\/sfg-guendelbach.de\/wordpress\/wp-json\/wp\/v2\/media?parent=25"}],"curies":[{"name":"wp","href":"https:\/\/api.w.org\/{rel}","templated":true}]}}