{"id":29,"date":"2022-10-12T22:30:36","date_gmt":"2022-10-12T20:30:36","guid":{"rendered":"http:\/\/sfg-guendelbach.de\/wordpress\/?page_id=29"},"modified":"2023-09-28T16:45:29","modified_gmt":"2023-09-28T14:45:29","slug":"fischerpruefung","status":"publish","type":"page","link":"https:\/\/sfg-guendelbach.de\/wordpress\/fischerpruefung\/","title":{"rendered":"Fischerpr\u00fcfung"},"content":{"rendered":"<p><span style=\"color: #ff0000; font-size: 18pt;\"><strong>Aktuell findet bei uns kein Vorbereitungslehrgang statt.<br>Der ASV Illingen bietet diesen allerdings an.<br>Weitere Infos erhalten Sie auf der Homepage des ASV Illingen.<\/strong><\/span><\/p>\n<p><span style=\"font-size: 18pt;\"><a href=\"https:\/\/www.asv-illingen.de\/\">https:\/\/www.asv-illingen.de\/<\/a><\/span><\/p>\n<p>&nbsp;<\/p>\n<p>Jedes Jahr findet in der Zeit vom September bis November der Lehrgang zur Staatlichen Fischerpr\u00fcfung statt. Die Ausbilder Lothar Strobel und Udo Kl\u00fcss f\u00fchren die Sch\u00fcler in die Theorie und Praxis der Fischerei ein.<br>Der Theorieunterricht findet in unserem Vereinsheim in Vaihingen &#8211; G\u00fcndelbach statt.<\/p>\n\n\n<p>Die Kurse sind immer Mittwochs und Freitags von 18.45 Uhr bis 21 Uhr, sowie 2x Samstags.<\/p>\n\n\n\n<p><strong>Anmeldungs-Formulare<\/strong>&nbsp;k\u00f6nnen im Fischerheim in G\u00fcndelbach abgeholt werden oder k\u00f6nnen hier<\/p>\n\n\n\n<p>Anmeldeformular:<br><a target=\"_blank\" href=\"http:\/\/sfg-guendelbach.de\/mediapool\/135\/1354259\/data\/Anmeldung-zum-Vorbereitungslehrgang_2022.pdf\" rel=\"noreferrer noopener\">Download<\/a><\/p>\n\n\n\n<p>Der&nbsp;<strong>Stundenplan<\/strong>&nbsp;kann hier heruntergeladen werden.<\/p>\n\n\n\n<p><a target=\"_blank\" href=\"http:\/\/sfg-guendelbach.de\/mediapool\/135\/1354259\/data\/Stundenplan_2022_Liste.pdf\" rel=\"noreferrer noopener\">Download<\/a><\/p>\n\n\n\n<p>heruntergeladen werden.<\/p>\n\n\n\n<p>Nat\u00fcrlich vernachl\u00e4ssigen wir auch nicht das Casting. Dies wird, wie jedes Jahr, Bestandteil des Lehrgangs sein.<\/p>\n\n\n\n<p><strong>Rahmenlehrplan<\/strong><\/p>\n\n\n\n<p>f\u00fcr den Vorbereitungslehrgang zur staatlichen Fischerpr\u00fcfung<\/p>\n\n\n\n<p><strong>Allgemeine Fischkunde&nbsp;<\/strong>mind. 4 Std.<\/p>\n\n\n\n<p>Geschichtliche Entwicklung, Zoologie, kurze schematische \u00dcbersicht, Anatomie und Physiologie der Fische<\/p>\n\n\n\n<p><strong>Spezielle Fischkunde<\/strong>&nbsp;mind. 4 Std.<\/p>\n\n\n\n<p>Systematik, Beschreibung, Unterscheidungsmerkmale, Lebensraum und Lebensweise, Bestandssituation, Gef\u00e4hrdungsursachen von Fischen, Krebsen und Muscheln<\/p>\n\n\n\n<p><strong>Gew\u00e4sser\u00f6kologie und Fischhege<\/strong>&nbsp;mind. 8 Std.<\/p>\n\n\n\n<p>Wasser -Allgemeines, Wassereigenschaften, Gew\u00e4sserg\u00fcteklassen &#8211; Bioindikatoren, Wasserpflanzen, Wassertiere, Gew\u00e4sserarten, Bewertung von Gew\u00e4ssern, Fischbesatz und Fischhege, Ma\u00dfnahmen bei Fischsterben, Fischkrankheiten<\/p>\n\n\n\n<p><strong>Ger\u00e4tekunde, Fangtechnik und Behandlung und Verwertung von Fischen<\/strong><\/p>\n\n\n\n<p>Theoretische Ausbildung mind. 3 Std.<\/p>\n\n\n\n<p>Praktische Ausbildung &#8211; Fangger\u00e4te, Gebrauch mind. 4 Std.<\/p>\n\n\n\n<p><strong>Behandlung gefangener Fische &#8211; Versorgen und Verwerten mind. 2 Std.<\/strong><\/p>\n\n\n\n<p><strong>Gesetzeskunde<\/strong>&nbsp;mind. 5 Std.<\/p>\n\n\n\n<p>F\u00fcr die Fischerei wichtige Gesetze, Verordnungen und sonstige Rechtsgrundlagen (Fischerei-, Wasser- und Naturschutz-, Tierschutz-, Tierseuchenrechtliche Bestimmungen u.a.)<\/p>\n\n\n\n<p><strong>Mindestpflichtstunden<\/strong>&nbsp;insgesamt 30 Std.<\/p>\n\n\n\n<p><strong>Lehrgangsgeb\u00fchren<\/strong>:&nbsp;Erwachsene 200 \u20ac, Jugendliche 130 \u20ac.<\/p>\n\n\n\n<p><strong>Pr\u00fcfungs- und Nachpr\u00fcfungsgeb\u00fchr<\/strong>: 35 \u20ac<\/p>\n","protected":false},"excerpt":{"rendered":"<p>Aktuell findet bei uns kein Vorbereitungslehrgang statt.Der ASV Illingen bietet diesen allerdings an.Weitere Infos erhalten Sie auf der Homepage des ASV Illingen. https:\/\/www.asv-illingen.de\/ &nbsp; Jedes Jahr findet in der Zeit vom September bis November der Lehrgang zur Staatlichen Fischerpr\u00fcfung statt. Die Ausbilder Lothar Strobel und Udo Kl\u00fcss f\u00fchren die Sch\u00fcler in die Theorie und Praxis [&hellip;]<\/p>\n","protected":false},"author":1,"featured_media":0,"parent":0,"menu_order":0,"comment_status":"closed","ping_status":"closed","template":"","meta":{"ngg_post_thumbnail":0,"footnotes":""},"class_list":["post-29","page","type-page","status-publish","hentry"],"_links":{"self":[{"href":"https:\/\/sfg-guendelbach.de\/wordpress\/wp-json\/wp\/v2\/pages\/29","targetHints":{"allow":["GET"]}}],"collection":[{"href":"https:\/\/sfg-guendelbach.de\/wordpress\/wp-json\/wp\/v2\/pages"}],"about":[{"href":"https:\/\/sfg-guendelbach.de\/wordpress\/wp-json\/wp\/v2\/types\/page"}],"author":[{"embeddable":true,"href":"https:\/\/sfg-guendelbach.de\/wordpress\/wp-json\/wp\/v2\/users\/1"}],"replies":[{"embeddable":true,"href":"https:\/\/sfg-guendelbach.de\/wordpress\/wp-json\/wp\/v2\/comments?post=29"}],"version-history":[{"count":5,"href":"https:\/\/sfg-guendelbach.de\/wordpress\/wp-json\/wp\/v2\/pages\/29\/revisions"}],"predecessor-version":[{"id":294,"href":"https:\/\/sfg-guendelbach.de\/wordpress\/wp-json\/wp\/v2\/pages\/29\/revisions\/294"}],"wp:attachment":[{"href":"https:\/\/sfg-guendelbach.de\/wordpress\/wp-json\/wp\/v2\/media?parent=29"}],"curies":[{"name":"wp","href":"https:\/\/api.w.org\/{rel}","templated":true}]}}