{"id":31,"date":"2022-10-12T22:31:22","date_gmt":"2022-10-12T20:31:22","guid":{"rendered":"http:\/\/sfg-guendelbach.de\/wordpress\/?page_id=31"},"modified":"2022-10-13T11:36:48","modified_gmt":"2022-10-13T09:36:48","slug":"regeln-und-bestimmungen","status":"publish","type":"page","link":"https:\/\/sfg-guendelbach.de\/wordpress\/regeln-und-bestimmungen\/","title":{"rendered":"Regeln und Bestimmungen"},"content":{"rendered":"\n<p>DIENSTLEISTUNGEN<\/p>\n\n\n\n<p><strong>Sie dienen der Gew\u00e4sserbewirtschaftung bei Besatzma\u00dfnahmen, R\u00e4umen, D\u00fcngen, Wegedienst, Vorbereitung von Veranstaltungen, Einsatz bei Veranstaltungen, Instandsetzung von Ger\u00e4ten und vieles mehr.<\/strong><\/p>\n\n\n\n<p><strong>Die Vorstandschaft ist deshalb berechtigt, f\u00fcr die erforderlichen Arbeiten von den aktiven Mitgliedern und den Jungfischern unentgeltliche Dienstleistungen zu verlangen.<\/strong><\/p>\n\n\n\n<p><strong>Der Einsatz von kranken, k\u00f6rperbehinderten oder altersschwachen Mitgliedern soll unterbleiben.<\/strong><\/p>\n\n\n\n<p><strong>Aufgerufenen Mitglieder m\u00fcssen im Falle ihrer Verhinderung einen Ersatzmann stellen, andernfalls muss f\u00fcr den Ausfall des Arbeitsdienstes ein Betrag von zur Zeit EUR&nbsp; 20 an die Vereinskasse geleistet werden.<\/strong><\/p>\n\n\n\n<p><strong>Nichtbefolgung hat den Entzug der Jahreserlaubnis zur Folge!<\/strong><\/p>\n\n\n\n<p><strong>Freiwillige Dienste werden angerechnet!<\/strong><\/p>\n\n\n\n<p>Bedingungen zur Fischereiaus\u00fcbung beim SFG G\u00fcndelbach e.V.<\/p>\n\n\n\n<p><strong>Fischen Sie waidgerecht. Verhalten Sie sich kameradschaftlich und hilfsbereit.<\/strong><\/p>\n\n\n\n<p><strong>Sch\u00fctzen Sie die Natur und halten Sie Ihren Angelplatz sauber. Bedenken Sie stets das Sie die Gemeinschaft aller Fischer repr\u00e4sentieren.<\/strong><\/p>\n\n\n\n<p><strong>Auf Friedfische darf mit 2 Ruten, auf Raubfische darf ebenfalls mit zwei&nbsp; Ruten gefischt werden.<\/strong><\/p>\n\n\n\n<p><strong>Eine Rute mit totem Fisch oder Fischfetzen bek\u00f6dert, gilt als Raubfischrute.<\/strong><\/p>\n\n\n\n<p><strong>Pro Rute ist nur eine Anbi\u00dfstelle erlaubt. Ausgelegte Angeln sind st\u00e4ndig zu beaufsichtigen.<\/strong><\/p>\n\n\n\n<p><strong>Beim Angeln auf Raubfische ist ein Raubfischvorfach mit mindestens 20 cm L\u00e4nge zu verwenden. Das Angeln mit Kunstk\u00f6dern, totem K\u00f6derfisch und Fischfetzen ist w\u00e4hrend der Hecht- und Zanderschonzeit grunds\u00e4tzlich verboten.<\/strong><\/p>\n\n\n\n<p>&nbsp;&nbsp;Folgende Fangarten sind verboten:<strong><\/strong><\/p>\n\n\n\n<ul class=\"wp-block-list\"><li><strong>das Schie\u00dfen, Stechen und Harpunieren<\/strong><\/li><li><strong>die Verwendung von Sprengstoff, Strom, Gift, Netzen Keschern Reusen und Legangeln<\/strong><\/li><li><strong>die Verwendung des lebenden K\u00f6derfisches<\/strong><\/li><li><strong>das Schn\u00fcren, Prellen, Blitzen oder Rei\u00dfen<\/strong><\/li><\/ul>\n\n\n\n<p>&nbsp;&nbsp;Angelzeit:<strong><\/strong><\/p>\n\n\n\n<p><strong>&nbsp;&nbsp;Zwischen 1.00 Uhr und 4.00 Uhr ist das Fischen generell in allen Gew\u00e4ssern verboten.<\/strong><\/p>\n\n\n\n<p><strong>&nbsp;&nbsp;Das Fischen vom Boot aus ist nicht erlaubt<\/strong><\/p>\n\n\n\n<p><strong>&nbsp;Unterma\u00dfige, oder w\u00e4hrend der Schonzeit gefangene lebensf\u00e4hige Fische sind unverz\u00fcglich und schonend in dasselbe Gew\u00e4sser zur\u00fcckzusetzen<\/strong><\/p>\n\n\n\n<p><strong>Fische aus Vereinsgew\u00e4ssern d\u00fcrfen nicht in andere Gew\u00e4sser umgesetzt werden. Desgleichen d\u00fcrfen Fische aus Privatgew\u00e4ssern nur nach Zustimmung des Vorstandes in Vereinsgew\u00e4sser eingesetzt werden.<\/strong><\/p>\n\n\n\n<p><strong>&nbsp;&nbsp;Das H\u00e4ltern von Fischen zum Zwecke des sp\u00e4teren Zur\u00fccksetzens oder Austauschen ist nicht erlaubt.<\/strong><\/p>\n\n\n\n<p><strong>&nbsp;Der gewerbsm\u00e4\u00dfige Verkauf oder Tausch der im Vereinsgew\u00e4sser gefangenen Fische ist strengstens verboten.<\/strong><\/p>\n\n\n\n<p><strong>&nbsp;Beim Befahren der Uferwege ist gr\u00f6\u00dftm\u00f6gliche R\u00fccksicht auf Fu\u00dfg\u00e4nger und Radfahrer zu nehmen.<\/strong><\/p>\n\n\n\n<p><strong>Fischsterben sind sofort der Polizei oder dem SFG G\u00fcndelbach zu melden.<\/strong><\/p>\n\n\n\n<p><strong>Jeder Angler muss beim Fischen den g\u00fcltigen staatlichen Fischereischein, den Erlaubnisschein, Hakenl\u00f6ser, Meterma\u00df, sowie seine Fangliste mit sich f\u00fchren.<\/strong><\/p>\n\n\n\n<p><strong>Wer oben aufgef\u00fchrte Bedingungen nicht einh\u00e4lt, hat mit dem Entzug des Erlaubnisscheines oder Anzeige zu rechnen. Jeder Fischer ist f\u00fcr sein Handeln selbst verantwortlich<\/strong><\/p>\n","protected":false},"excerpt":{"rendered":"<p>DIENSTLEISTUNGEN Sie dienen der Gew\u00e4sserbewirtschaftung bei Besatzma\u00dfnahmen, R\u00e4umen, D\u00fcngen, Wegedienst, Vorbereitung von Veranstaltungen, Einsatz bei Veranstaltungen, Instandsetzung von Ger\u00e4ten und vieles mehr. Die Vorstandschaft ist deshalb berechtigt, f\u00fcr die erforderlichen Arbeiten von den aktiven Mitgliedern und den Jungfischern unentgeltliche Dienstleistungen zu verlangen. Der Einsatz von kranken, k\u00f6rperbehinderten oder altersschwachen Mitgliedern soll unterbleiben. Aufgerufenen Mitglieder m\u00fcssen [&hellip;]<\/p>\n","protected":false},"author":1,"featured_media":0,"parent":0,"menu_order":0,"comment_status":"closed","ping_status":"closed","template":"","meta":{"ngg_post_thumbnail":0,"footnotes":""},"class_list":["post-31","page","type-page","status-publish","hentry"],"_links":{"self":[{"href":"https:\/\/sfg-guendelbach.de\/wordpress\/wp-json\/wp\/v2\/pages\/31","targetHints":{"allow":["GET"]}}],"collection":[{"href":"https:\/\/sfg-guendelbach.de\/wordpress\/wp-json\/wp\/v2\/pages"}],"about":[{"href":"https:\/\/sfg-guendelbach.de\/wordpress\/wp-json\/wp\/v2\/types\/page"}],"author":[{"embeddable":true,"href":"https:\/\/sfg-guendelbach.de\/wordpress\/wp-json\/wp\/v2\/users\/1"}],"replies":[{"embeddable":true,"href":"https:\/\/sfg-guendelbach.de\/wordpress\/wp-json\/wp\/v2\/comments?post=31"}],"version-history":[{"count":2,"href":"https:\/\/sfg-guendelbach.de\/wordpress\/wp-json\/wp\/v2\/pages\/31\/revisions"}],"predecessor-version":[{"id":74,"href":"https:\/\/sfg-guendelbach.de\/wordpress\/wp-json\/wp\/v2\/pages\/31\/revisions\/74"}],"wp:attachment":[{"href":"https:\/\/sfg-guendelbach.de\/wordpress\/wp-json\/wp\/v2\/media?parent=31"}],"curies":[{"name":"wp","href":"https:\/\/api.w.org\/{rel}","templated":true}]}}